{"id":730,"date":"2026-02-20T06:31:16","date_gmt":"2026-02-20T06:31:16","guid":{"rendered":"https:\/\/galemiamihotelandresidences.com\/?page_id=730"},"modified":"2026-02-22T14:17:52","modified_gmt":"2026-02-22T14:17:52","slug":"amenities","status":"publish","type":"page","link":"https:\/\/delano.miami\/es\/amenities\/","title":{"rendered":"Comodidades"},"content":{"rendered":"<p>[et_pb_section fb_built=&#8221;1&#8243; custom_padding_last_edited=&#8221;on|phone&#8221; _builder_version=&#8221;4.27.5&#8243; _module_preset=&#8221;default&#8221; background_color=&#8221;rgba(0,0,0,0.61)&#8221; background_image=&#8221;https:\/\/delano.miami\/es\/wp-content\/uploads\/delano-residences-miami_header.jpg&#8221; background_blend=&#8221;overlay&#8221; custom_padding=&#8221;90px||90px|||&#8221; custom_padding_tablet=&#8221;90px||90px|||&#8221; custom_padding_phone=&#8221;50px||50px||true|false&#8221; global_colors_info=&#8221;{}&#8221;][et_pb_row _builder_version=&#8221;4.17.4&#8243; _module_preset=&#8221;default&#8221; global_colors_info=&#8221;{}&#8221;][et_pb_column type=&#8221;4_4&#8243; _builder_version=&#8221;4.17.4&#8243; _module_preset=&#8221;default&#8221; global_colors_info=&#8221;{}&#8221;][et_pb_text _builder_version=&#8221;4.27.5&#8243; _module_preset=&#8221;default&#8221; text_font=&#8221;|600|||||||&#8221; text_text_color=&#8221;#FFFFFF&#8221; text_font_size=&#8221;25px&#8221; header_font=&#8221;|700||on|||||&#8221; header_text_align=&#8221;center&#8221; header_text_color=&#8221;#FFFFFF&#8221; header_font_size=&#8221;40px&#8221; header_line_height=&#8221;1.5em&#8221; header_2_font_size=&#8221;45px&#8221; text_orientation=&#8221;center&#8221; header_font_size_tablet=&#8221;50px&#8221; header_font_size_phone=&#8221;30px&#8221; header_font_size_last_edited=&#8221;on|phone&#8221; header_text_shadow_style=&#8221;preset3&#8243; header_text_shadow_blur_strength=&#8221;0.69em&#8221; header_text_shadow_color=&#8221;#000000&#8243; global_colors_info=&#8221;{}&#8221;]<\/p>\n<h1>Delano Residences Miami<\/h1>\n<h1>Comodidades<\/h1>\n<p>[\/et_pb_text][\/et_pb_column][\/et_pb_row][\/et_pb_section][et_pb_section fb_built=&#8221;1&#8243; custom_padding_last_edited=&#8221;on|phone&#8221; module_id=&#8221;building-features&#8221; _builder_version=&#8221;4.27.4&#8243; _module_preset=&#8221;default&#8221; background_color=&#8221;RGBA(255,255,255,0)&#8221; custom_padding=&#8221;90px||2px|||&#8221; custom_padding_tablet=&#8221;90px||2px|||&#8221; custom_padding_phone=&#8221;||||false|false&#8221; global_colors_info=&#8221;{}&#8221;][et_pb_row column_structure=&#8221;3_5,2_5&#8243; _builder_version=&#8221;4.27.4&#8243; _module_preset=&#8221;default&#8221; width=&#8221;90%&#8221; max_width=&#8221;90%&#8221; custom_margin=&#8221;-69px|auto||auto||&#8221; custom_margin_tablet=&#8221;&#8221; custom_margin_phone=&#8221;||||false|false&#8221; custom_margin_last_edited=&#8221;on|phone&#8221; custom_padding=&#8221;0px||||false|false&#8221; global_colors_info=&#8221;{}&#8221;][et_pb_column type=&#8221;3_5&#8243; _builder_version=&#8221;4.20.2&#8243; _module_preset=&#8221;default&#8221; global_colors_info=&#8221;{}&#8221;][et_pb_text _builder_version=&#8221;4.27.5&#8243; _module_preset=&#8221;default&#8221; text_font=&#8221;Adamina||||||||&#8221; text_text_color=&#8221;#000000&#8243; text_line_height=&#8221;1.8em&#8221; header_2_font=&#8221;|700|||||||&#8221; header_2_font_size=&#8221;30px&#8221; header_2_line_height=&#8221;1.8em&#8221; custom_margin=&#8221;-1px||1px||false|false&#8221; custom_margin_tablet=&#8221;-1px||1px||false|false&#8221; custom_margin_phone=&#8221;-1px||1px||false|false&#8221; custom_margin_last_edited=&#8221;on|phone&#8221; global_colors_info=&#8221;{}&#8221;]<\/p>\n<h2>Comodidades<\/h2>\n<ul>\n<li>Lobby cuidadosamente dise\u00f1ado con la exclusiva experiencia de descenso en cochera<\/li>\n<li>Terraza de piscina estilo resort con piscina envolvente, caba\u00f1as y \u00e1reas de descanso, y bar con vista a la Bah\u00eda Biscayne<\/li>\n<li>Piscina Sky ubicada a 244 metros sobre el horizonte de Miami<\/li>\n<li>Club de Miembros Delano con programaci\u00f3n cultural de primer nivel<\/li>\n<li>Spa y bienestar; The Source by Delano<br \/>&#8211; Gimnasio de vanguardia con equipo de vanguardia y estudio de movimiento<br \/>&#8211; Vestuarios para \u00e9l y para ella<br \/>&#8211; \u00c1rea de relajaci\u00f3n<br \/>&#8211; Ba\u00f1o de vapor, sauna y ba\u00f1o de agua fr\u00eda<br \/>&#8211; Salas de tratamiento<\/li>\n<li>La primera plataforma de observaci\u00f3n de Miami<\/li>\n<li>Restaurantes y bares de clase mundial:<br \/>&#8211; El legendario Delano Rose Bar<br \/>&#8211; Caf\u00e9 Delano<br \/>&#8211; Restaurante de autor abierto todo el d\u00eda<br \/>&#8211; El ic\u00f3nico restaurante Sky<\/li>\n<li>Salas de reuniones y eventos<\/li>\n<\/ul>\n<p>[\/et_pb_text][\/et_pb_column][et_pb_column type=&#8221;2_5&#8243; _builder_version=&#8221;4.20.2&#8243; _module_preset=&#8221;default&#8221; global_colors_info=&#8221;{}&#8221;][et_pb_image src=&#8221;https:\/\/delano.miami\/es\/wp-content\/uploads\/delano-residences-miami_spa.jpg&#8221; title_text=&#8221;delano-residences-miami_spa&#8221; _builder_version=&#8221;4.27.5&#8243; _module_preset=&#8221;default&#8221; global_colors_info=&#8221;{}&#8221;][\/et_pb_image][et_pb_image src=&#8221;https:\/\/delano.miami\/es\/wp-content\/uploads\/delano-residences-miami_fitness-center.jpg&#8221; title_text=&#8221;delano-residences-miami_fitness-center&#8221; _builder_version=&#8221;4.27.5&#8243; _module_preset=&#8221;default&#8221; global_colors_info=&#8221;{}&#8221;][\/et_pb_image][\/et_pb_column][\/et_pb_row][\/et_pb_section][et_pb_section fb_built=&#8221;1&#8243; module_id=&#8221;building-features&#8221; _builder_version=&#8221;4.27.5&#8243; _module_preset=&#8221;default&#8221; background_color=&#8221;RGBA(255,255,255,0)&#8221; custom_margin=&#8221;30px|||||&#8221; custom_padding=&#8221;||2px|||&#8221; global_colors_info=&#8221;{}&#8221;][et_pb_row _builder_version=&#8221;4.27.5&#8243; _module_preset=&#8221;default&#8221; width=&#8221;90%&#8221; max_width=&#8221;90%&#8221; custom_margin=&#8221;-47px|auto||auto||&#8221; custom_padding=&#8221;||0px|||&#8221; global_colors_info=&#8221;{}&#8221;][et_pb_column type=&#8221;4_4&#8243; _builder_version=&#8221;4.20.2&#8243; _module_preset=&#8221;default&#8221; global_colors_info=&#8221;{}&#8221;][et_pb_text _builder_version=&#8221;4.27.5&#8243; _module_preset=&#8221;default&#8221; text_font=&#8221;Adamina||||||||&#8221; text_text_color=&#8221;#000000&#8243; text_line_height=&#8221;1.8em&#8221; header_2_font=&#8221;|700|||||||&#8221; header_2_font_size=&#8221;30px&#8221; header_2_line_height=&#8221;1.8em&#8221; custom_margin=&#8221;-10px|||||&#8221; custom_margin_tablet=&#8221;-80px|||||&#8221; custom_margin_phone=&#8221;1px||||false|false&#8221; custom_margin_last_edited=&#8221;on|phone&#8221; global_colors_info=&#8221;{}&#8221;]<\/p>\n<p><strong>SERVICIOS PRINCIPALES PERSONALIZADOS<\/strong><\/p>\n<p>Los servicios b\u00e1sicos est\u00e1n disponibles para todos los propietarios de residencias y est\u00e1n incluidos en el cargo por servicio para garantizar una experiencia fluida y sin complicaciones, tanto en casa como fuera de ella.<br \/>Portero y recepci\u00f3n 24 horas<br \/>Servicio de valet parking<br \/>Servicio de conserjer\u00eda para propietarios<br \/>Seguridad 24 horas y acceso controlado<br \/>Amplia sala de correo con espacio para guardar paquetes<br \/>Wi-Fi seguro en todas las \u00e1reas de servicios<br \/>Experiencia exclusiva de marca en la gesti\u00f3n de servicios y \u00e1reas comunes, as\u00ed como experiencias comunitarias<\/p>\n<p><strong>SERVICIOS A PETICI\u00d3N<\/strong><br \/>Una gama completa de servicios a petici\u00f3n est\u00e1 disponible para los residentes. Los servicios incluyen:<br \/>Servicio de limpieza en la residencia<br \/>Tintorer\u00eda y lavander\u00eda<br \/>Servicio para mascotas<br \/>Paquete de mantenimiento &#8220;Mientras est\u00e1 fuera&#8221;<\/p>\n<p>[\/et_pb_text][\/et_pb_column][\/et_pb_row][et_pb_row column_structure=&#8221;3_5,2_5&#8243; _builder_version=&#8221;4.27.4&#8243; _module_preset=&#8221;default&#8221; width=&#8221;90%&#8221; max_width=&#8221;90%&#8221; custom_margin=&#8221;-69px|auto||auto||&#8221; custom_margin_tablet=&#8221;&#8221; custom_margin_phone=&#8221;||||false|false&#8221; custom_margin_last_edited=&#8221;on|phone&#8221; custom_padding=&#8221;0px||||false|false&#8221; global_colors_info=&#8221;{}&#8221;][et_pb_column type=&#8221;3_5&#8243; _builder_version=&#8221;4.20.2&#8243; _module_preset=&#8221;default&#8221; global_colors_info=&#8221;{}&#8221;][et_pb_text _builder_version=&#8221;4.27.5&#8243; _module_preset=&#8221;default&#8221; text_font=&#8221;Adamina||||||||&#8221; text_text_color=&#8221;#000000&#8243; text_line_height=&#8221;1.8em&#8221; header_2_font=&#8221;|700|||||||&#8221; header_2_font_size=&#8221;30px&#8221; header_2_line_height=&#8221;1.8em&#8221; custom_margin=&#8221;25px||1px||false|false&#8221; custom_margin_tablet=&#8221;-1px||1px||false|false&#8221; custom_margin_phone=&#8221;-1px||1px||false|false&#8221; custom_margin_last_edited=&#8221;on|phone&#8221; global_colors_info=&#8221;{}&#8221;]<\/p>\n<h2>CARACTER\u00cdSTICAS DE LAS RESIDENCIAS<\/h2>\n<ul>\n<li>Suites de 1, 2 y 3 habitaciones completamente terminadas y amuebladas*<\/li>\n<li>Todos los interiores residenciales est\u00e1n dise\u00f1ados por la galardonada firma de dise\u00f1o de interiores Meyer Davis<\/li>\n<li>Ventanas de piso a techo con impresionantes vistas de la ciudad, el horizonte del centro, Miami Beach y el Oc\u00e9ano Atl\u00e1ntico<\/li>\n<li>Armarios completamente empotrados en todas las residencias, dise\u00f1ados por Meyer Davis<\/li>\n<li>Paquete de iluminaci\u00f3n contempor\u00e1neo<\/li>\n<li>La tecnolog\u00eda de hogar inteligente ofrece una personalizaci\u00f3n perfecta con solo tocar un bot\u00f3n<\/li>\n<li>Oficinas escrituradas para residencias selectas<\/li>\n<\/ul>\n<p>COCINA Y BA\u00d1OS<\/p>\n<ul>\n<li>Las cocinas cuentan con gabinetes a medida dise\u00f1ados por Meyer Davis y fabricados por la casa de dise\u00f1o italiana Italkraft<\/li>\n<li>Paquetes de electrodom\u00e9sticos Sub-Zero y Wolf totalmente integrados<\/li>\n<li>Gabinetes y encimeras de ba\u00f1o a medida dise\u00f1ados por Meyer Davis<\/li>\n<li>Accesorios de ba\u00f1o Waterworks<\/li>\n<\/ul>\n<p>[\/et_pb_text][\/et_pb_column][et_pb_column type=&#8221;2_5&#8243; _builder_version=&#8221;4.20.2&#8243; _module_preset=&#8221;default&#8221; global_colors_info=&#8221;{}&#8221;][et_pb_image src=&#8221;https:\/\/delano.miami\/es\/wp-content\/uploads\/delano-residences-miami_kitchen.jpg&#8221; title_text=&#8221;delano-residences-miami_kitchen&#8221; _builder_version=&#8221;4.27.5&#8243; _module_preset=&#8221;default&#8221; global_colors_info=&#8221;{}&#8221;][\/et_pb_image][et_pb_image src=&#8221;https:\/\/delano.miami\/es\/wp-content\/uploads\/delano-residences-miami_bathroom.jpg&#8221; title_text=&#8221;delano-residences-miami_bathroom&#8221; _builder_version=&#8221;4.27.5&#8243; _module_preset=&#8221;default&#8221; global_colors_info=&#8221;{}&#8221;][\/et_pb_image][\/et_pb_column][\/et_pb_row][\/et_pb_section]<\/p>\n","protected":false},"excerpt":{"rendered":"<p>Delano Residences Miami ComodidadesComodidades Lobby cuidadosamente dise\u00f1ado con la exclusiva experiencia de descenso en cochera Terraza de piscina estilo resort con piscina envolvente, caba\u00f1as y \u00e1reas de descanso, y bar con vista a la Bah\u00eda Biscayne Piscina Sky ubicada a 244 metros sobre el horizonte de Miami Club de Miembros Delano con programaci\u00f3n cultural de [&hellip;]<\/p>\n","protected":false},"author":1,"featured_media":2722,"parent":0,"menu_order":0,"comment_status":"closed","ping_status":"closed","template":"","meta":{"_et_pb_use_builder":"on","_et_pb_old_content":"","_et_gb_content_width":"","footnotes":""},"class_list":["post-730","page","type-page","status-publish","has-post-thumbnail","hentry"],"_links":{"self":[{"href":"https:\/\/delano.miami\/es\/wp-json\/wp\/v2\/pages\/730","targetHints":{"allow":["GET"]}}],"collection":[{"href":"https:\/\/delano.miami\/es\/wp-json\/wp\/v2\/pages"}],"about":[{"href":"https:\/\/delano.miami\/es\/wp-json\/wp\/v2\/types\/page"}],"author":[{"embeddable":true,"href":"https:\/\/delano.miami\/es\/wp-json\/wp\/v2\/users\/1"}],"replies":[{"embeddable":true,"href":"https:\/\/delano.miami\/es\/wp-json\/wp\/v2\/comments?post=730"}],"version-history":[{"count":75,"href":"https:\/\/delano.miami\/es\/wp-json\/wp\/v2\/pages\/730\/revisions"}],"predecessor-version":[{"id":2828,"href":"https:\/\/delano.miami\/es\/wp-json\/wp\/v2\/pages\/730\/revisions\/2828"}],"wp:featuredmedia":[{"embeddable":true,"href":"https:\/\/delano.miami\/es\/wp-json\/wp\/v2\/media\/2722"}],"wp:attachment":[{"href":"https:\/\/delano.miami\/es\/wp-json\/wp\/v2\/media?parent=730"}],"curies":[{"name":"wp","href":"https:\/\/api.w.org\/{rel}","templated":true}]}}