{"id":730,"date":"2026-02-20T06:31:16","date_gmt":"2026-02-20T06:31:16","guid":{"rendered":"https:\/\/galemiamihotelandresidences.com\/?page_id=730"},"modified":"2026-02-21T17:20:41","modified_gmt":"2026-02-21T17:20:41","slug":"facilidades","status":"publish","type":"page","link":"https:\/\/delano.miami\/pt\/facilidades\/","title":{"rendered":"Facilidades"},"content":{"rendered":"<p>[et_pb_section fb_built=&#8221;1&#8243; custom_padding_last_edited=&#8221;on|phone&#8221; _builder_version=&#8221;4.27.5&#8243; _module_preset=&#8221;default&#8221; background_color=&#8221;rgba(0,0,0,0.61)&#8221; background_image=&#8221;https:\/\/delano.miami\/pt\/wp-content\/uploads\/delano-residences-miami_header.jpg&#8221; background_blend=&#8221;overlay&#8221; custom_padding=&#8221;90px||90px|||&#8221; custom_padding_tablet=&#8221;90px||90px|||&#8221; custom_padding_phone=&#8221;50px||50px||true|false&#8221; global_colors_info=&#8221;{}&#8221;][et_pb_row _builder_version=&#8221;4.17.4&#8243; _module_preset=&#8221;default&#8221; global_colors_info=&#8221;{}&#8221;][et_pb_column type=&#8221;4_4&#8243; _builder_version=&#8221;4.17.4&#8243; _module_preset=&#8221;default&#8221; global_colors_info=&#8221;{}&#8221;][et_pb_text _builder_version=&#8221;4.27.5&#8243; _module_preset=&#8221;default&#8221; text_font=&#8221;|600|||||||&#8221; text_text_color=&#8221;#FFFFFF&#8221; text_font_size=&#8221;25px&#8221; header_font=&#8221;|700||on|||||&#8221; header_text_align=&#8221;center&#8221; header_text_color=&#8221;#FFFFFF&#8221; header_font_size=&#8221;40px&#8221; header_line_height=&#8221;1.5em&#8221; header_2_font_size=&#8221;45px&#8221; text_orientation=&#8221;center&#8221; hover_enabled=&#8221;0&#8243; header_font_size_tablet=&#8221;50px&#8221; header_font_size_phone=&#8221;30px&#8221; header_font_size_last_edited=&#8221;on|phone&#8221; header_text_shadow_style=&#8221;preset3&#8243; header_text_shadow_blur_strength=&#8221;0.69em&#8221; header_text_shadow_color=&#8221;#000000&#8243; global_colors_info=&#8221;{}&#8221; sticky_enabled=&#8221;0&#8243;]<\/p>\n<h1>Delano Residences Miami<\/h1>\n<h1>Facilidades<\/h1>\n<p>[\/et_pb_text][\/et_pb_column][\/et_pb_row][\/et_pb_section][et_pb_section fb_built=&#8221;1&#8243; custom_padding_last_edited=&#8221;on|phone&#8221; module_id=&#8221;building-features&#8221; _builder_version=&#8221;4.27.4&#8243; _module_preset=&#8221;default&#8221; background_color=&#8221;RGBA(255,255,255,0)&#8221; custom_padding=&#8221;90px||2px|||&#8221; custom_padding_tablet=&#8221;90px||2px|||&#8221; custom_padding_phone=&#8221;||||false|false&#8221; global_colors_info=&#8221;{}&#8221;][et_pb_row column_structure=&#8221;3_5,2_5&#8243; _builder_version=&#8221;4.27.4&#8243; _module_preset=&#8221;default&#8221; width=&#8221;90%&#8221; max_width=&#8221;90%&#8221; custom_margin=&#8221;-69px|auto||auto||&#8221; custom_margin_tablet=&#8221;&#8221; custom_margin_phone=&#8221;||||false|false&#8221; custom_margin_last_edited=&#8221;on|phone&#8221; custom_padding=&#8221;0px||||false|false&#8221; global_colors_info=&#8221;{}&#8221;][et_pb_column type=&#8221;3_5&#8243; _builder_version=&#8221;4.20.2&#8243; _module_preset=&#8221;default&#8221; global_colors_info=&#8221;{}&#8221;][et_pb_text _builder_version=&#8221;4.27.5&#8243; _module_preset=&#8221;default&#8221; text_font=&#8221;Adamina||||||||&#8221; text_text_color=&#8221;#000000&#8243; text_line_height=&#8221;1.8em&#8221; header_2_font=&#8221;|700|||||||&#8221; header_2_font_size=&#8221;30px&#8221; header_2_line_height=&#8221;1.8em&#8221; custom_margin=&#8221;-1px||1px||false|false&#8221; custom_margin_tablet=&#8221;-1px||1px||false|false&#8221; custom_margin_phone=&#8221;-1px||1px||false|false&#8221; custom_margin_last_edited=&#8221;on|phone&#8221; hover_enabled=&#8221;0&#8243; global_colors_info=&#8221;{}&#8221; sticky_enabled=&#8221;0&#8243;]<\/p>\n<h2>Comodidades<\/h2>\n<ul>\n<li>Lobby sofisticado com entrada privada exclusiva<\/li>\n<li>Deck da piscina em estilo resort com piscina envolvente, cabanas, \u00e1reas de descanso e bar com vista para a Ba\u00eda de Biscayne<\/li>\n<li>Piscina suspensa a 244 metros acima do horizonte de Miami<\/li>\n<li>Clube de Membros Delano com programa\u00e7\u00e3o cultural de classe mundial<\/li>\n<li>Spa e Bem-Estar; The Source by Delano<br \/>\n&#8211; Gin\u00e1sio de \u00faltima gera\u00e7\u00e3o com equipamentos de ponta e est\u00fadio de movimento<br \/>\n&#8211; Vesti\u00e1rios masculino e feminino<br \/>\n&#8211; \u00c1rea de relaxamento<br \/>\n&#8211; Banho de vapor, sauna e piscina de \u00e1gua fria<br \/>\n&#8211; Salas de tratamento<\/li>\n<li>O primeiro miradouro de Miami<\/li>\n<li>Restaurantes e bares de classe mundial:<br \/>\n&#8211; O lend\u00e1rio Delano Rose Bar<br \/>\n&#8211; Caf\u00e9 Delano<br \/>\n&#8211; Restaurante Signature aberto todo o dia<br \/>\n&#8211; Restaurante Ic\u00f3nico Sky<\/li>\n<li>Salas para reuni\u00f5es e eventos<\/li>\n<\/ul>\n<p>[\/et_pb_text][\/et_pb_column][et_pb_column type=&#8221;2_5&#8243; _builder_version=&#8221;4.20.2&#8243; _module_preset=&#8221;default&#8221; global_colors_info=&#8221;{}&#8221;][et_pb_image src=&#8221;https:\/\/delano.miami\/pt\/wp-content\/uploads\/delano-residences-miami_spa.jpg&#8221; title_text=&#8221;delano-residences-miami_spa&#8221; _builder_version=&#8221;4.27.5&#8243; _module_preset=&#8221;default&#8221; global_colors_info=&#8221;{}&#8221;][\/et_pb_image][et_pb_image src=&#8221;https:\/\/delano.miami\/pt\/wp-content\/uploads\/delano-residences-miami_fitness-center.jpg&#8221; title_text=&#8221;delano-residences-miami_fitness-center&#8221; _builder_version=&#8221;4.27.5&#8243; _module_preset=&#8221;default&#8221; global_colors_info=&#8221;{}&#8221;][\/et_pb_image][\/et_pb_column][\/et_pb_row][\/et_pb_section][et_pb_section fb_built=&#8221;1&#8243; module_id=&#8221;building-features&#8221; _builder_version=&#8221;4.27.5&#8243; _module_preset=&#8221;default&#8221; background_color=&#8221;RGBA(255,255,255,0)&#8221; custom_margin=&#8221;30px|||||&#8221; custom_padding=&#8221;||2px|||&#8221; global_colors_info=&#8221;{}&#8221;][et_pb_row _builder_version=&#8221;4.27.5&#8243; _module_preset=&#8221;default&#8221; width=&#8221;90%&#8221; max_width=&#8221;90%&#8221; custom_margin=&#8221;-47px|auto||auto||&#8221; custom_padding=&#8221;||0px|||&#8221; global_colors_info=&#8221;{}&#8221;][et_pb_column type=&#8221;4_4&#8243; _builder_version=&#8221;4.20.2&#8243; _module_preset=&#8221;default&#8221; global_colors_info=&#8221;{}&#8221;][et_pb_text _builder_version=&#8221;4.27.5&#8243; _module_preset=&#8221;default&#8221; text_font=&#8221;Adamina||||||||&#8221; text_text_color=&#8221;#000000&#8243; text_line_height=&#8221;1.8em&#8221; header_2_font=&#8221;|700|||||||&#8221; header_2_font_size=&#8221;30px&#8221; header_2_line_height=&#8221;1.8em&#8221; custom_margin=&#8221;-10px|||||&#8221; custom_margin_tablet=&#8221;-80px|||||&#8221; custom_margin_phone=&#8221;1px||||false|false&#8221; custom_margin_last_edited=&#8221;on|phone&#8221; hover_enabled=&#8221;0&#8243; global_colors_info=&#8221;{}&#8221; sticky_enabled=&#8221;0&#8243;]<\/p>\n<p><strong>SERVI\u00c7OS PRINCIPAIS PERSONALIZADOS<\/strong><\/p>\n<p>Os servi\u00e7os principais est\u00e3o dispon\u00edveis para todos os propriet\u00e1rios de casas e est\u00e3o inclu\u00eddos na taxa de servi\u00e7o para garantir uma experi\u00eancia tranquila e sem complica\u00e7\u00f5es para o residente, em casa ou fora. <br \/>Porteiros e recep\u00e7\u00e3o 24 horas<br \/>Estacionamento com manobrista<br \/>Servi\u00e7o de concierge para propriet\u00e1rios<br \/>Seguran\u00e7a 24 horas e pontos de entrada com controlo de acesso<br \/>Ampla sala de correspond\u00eancia com espa\u00e7o para armazenamento de encomendas<br \/>Wi-Fi seguro em todas as \u00e1reas de lazer<br \/>Opera\u00e7\u00e3o de comodidades e \u00e1reas comuns com a marca registada, bem como experi\u00eancias comunit\u00e1rias<\/p>\n<p><strong>SERVI\u00c7OS ON DEMAND<\/strong><br \/>Um conjunto completo de servi\u00e7os on-demand est\u00e1 dispon\u00edvel para os residentes. Os servi\u00e7os incluem:<br \/>Limpeza na resid\u00eancia<br \/>Limpeza a seco e lavandaria<br \/>Servi\u00e7os para animais de estima\u00e7\u00e3o<br \/>Pacote de manuten\u00e7\u00e3o \u201cEnquanto estiver fora\u201d<\/p>\n<p>[\/et_pb_text][\/et_pb_column][\/et_pb_row][et_pb_row column_structure=&#8221;3_5,2_5&#8243; _builder_version=&#8221;4.27.4&#8243; _module_preset=&#8221;default&#8221; width=&#8221;90%&#8221; max_width=&#8221;90%&#8221; custom_margin=&#8221;-69px|auto||auto||&#8221; custom_margin_tablet=&#8221;&#8221; custom_margin_phone=&#8221;||||false|false&#8221; custom_margin_last_edited=&#8221;on|phone&#8221; custom_padding=&#8221;0px||||false|false&#8221; global_colors_info=&#8221;{}&#8221;][et_pb_column type=&#8221;3_5&#8243; _builder_version=&#8221;4.20.2&#8243; _module_preset=&#8221;default&#8221; global_colors_info=&#8221;{}&#8221;][et_pb_text _builder_version=&#8221;4.27.5&#8243; _module_preset=&#8221;default&#8221; text_font=&#8221;Adamina||||||||&#8221; text_text_color=&#8221;#000000&#8243; text_line_height=&#8221;1.8em&#8221; header_2_font=&#8221;|700|||||||&#8221; header_2_font_size=&#8221;30px&#8221; header_2_line_height=&#8221;1.8em&#8221; custom_margin=&#8221;-1px||1px||false|false&#8221; custom_margin_tablet=&#8221;-1px||1px||false|false&#8221; custom_margin_phone=&#8221;-1px||1px||false|false&#8221; custom_margin_last_edited=&#8221;on|phone&#8221; hover_enabled=&#8221;0&#8243; global_colors_info=&#8221;{}&#8221; sticky_enabled=&#8221;0&#8243;]<\/p>\n<h2>CARACTER\u00cdSTICAS DAS RESID\u00caNCIAS<\/h2>\n<ul>\n<li>Suites totalmente acabadas e mobiladas*, resid\u00eancias de 1, 2 e 3 quartos<\/li>\n<li>Todos os interiores residenciais s\u00e3o concebidos pela premiada empresa de design de interiores Meyer Davis<\/li>\n<li>Janelas do ch\u00e3o ao teto com vistas deslumbrantes da cidade, do horizonte do centro, de Miami Beach e do Oceano Atl\u00e2ntico<\/li>\n<li>Arm\u00e1rios totalmente equipados em todas as resid\u00eancias, selecionados pela Meyer Davis<\/li>\n<li>Pacote de ilumina\u00e7\u00e3o contempor\u00e2nea<\/li>\n<li>A tecnologia de casa inteligente oferece uma personaliza\u00e7\u00e3o perfeita com o toque de um bot\u00e3o<\/li>\n<li>Escrit\u00f3rios escriturados para resid\u00eancias selecionadas<\/li>\n<\/ul>\n<p>&nbsp;<\/p>\n<p>COZINHA &#038; CASAS DE BANHO<\/p>\n<ul>\n<li>As cozinhas contam com arm\u00e1rios por medida seleccionados por Meyer Davis e fabricados pela empresa de design italiana Italkraft<\/li>\n<li>Pacotes de eletrodom\u00e9sticos Sub-Zero e Wolf totalmente integrados<\/li>\n<li>Arm\u00e1rios e bancadas de casa de banho por medida selecionados por Meyer Davis<\/li>\n<li>Metais sanit\u00e1rios Waterworks<\/li>\n<\/ul>\n<p>[\/et_pb_text][\/et_pb_column][et_pb_column type=&#8221;2_5&#8243; _builder_version=&#8221;4.20.2&#8243; _module_preset=&#8221;default&#8221; global_colors_info=&#8221;{}&#8221;][et_pb_image src=&#8221;https:\/\/delano.miami\/pt\/wp-content\/uploads\/delano-residences-miami_kitchen.jpg&#8221; title_text=&#8221;delano-residences-miami_kitchen&#8221; _builder_version=&#8221;4.27.5&#8243; _module_preset=&#8221;default&#8221; global_colors_info=&#8221;{}&#8221;][\/et_pb_image][et_pb_image src=&#8221;https:\/\/delano.miami\/pt\/wp-content\/uploads\/delano-residences-miami_bathroom.jpg&#8221; title_text=&#8221;delano-residences-miami_bathroom&#8221; _builder_version=&#8221;4.27.5&#8243; _module_preset=&#8221;default&#8221; global_colors_info=&#8221;{}&#8221;][\/et_pb_image][\/et_pb_column][\/et_pb_row][\/et_pb_section]<\/p>\n","protected":false},"excerpt":{"rendered":"<p>Delano Residences Miami FacilidadesComodidades Lobby sofisticado com entrada privada exclusiva Deck da piscina em estilo resort com piscina envolvente, cabanas, \u00e1reas de descanso e bar com vista para a Ba\u00eda de Biscayne Piscina suspensa a 244 metros acima do horizonte de Miami Clube de Membros Delano com programa\u00e7\u00e3o cultural de classe mundial Spa e Bem-Estar; [&hellip;]<\/p>\n","protected":false},"author":1,"featured_media":2722,"parent":0,"menu_order":0,"comment_status":"closed","ping_status":"closed","template":"","meta":{"_et_pb_use_builder":"on","_et_pb_old_content":"","_et_gb_content_width":"","footnotes":""},"class_list":["post-730","page","type-page","status-publish","has-post-thumbnail","hentry"],"_links":{"self":[{"href":"https:\/\/delano.miami\/pt\/wp-json\/wp\/v2\/pages\/730","targetHints":{"allow":["GET"]}}],"collection":[{"href":"https:\/\/delano.miami\/pt\/wp-json\/wp\/v2\/pages"}],"about":[{"href":"https:\/\/delano.miami\/pt\/wp-json\/wp\/v2\/types\/page"}],"author":[{"embeddable":true,"href":"https:\/\/delano.miami\/pt\/wp-json\/wp\/v2\/users\/1"}],"replies":[{"embeddable":true,"href":"https:\/\/delano.miami\/pt\/wp-json\/wp\/v2\/comments?post=730"}],"version-history":[{"count":74,"href":"https:\/\/delano.miami\/pt\/wp-json\/wp\/v2\/pages\/730\/revisions"}],"predecessor-version":[{"id":2825,"href":"https:\/\/delano.miami\/pt\/wp-json\/wp\/v2\/pages\/730\/revisions\/2825"}],"wp:featuredmedia":[{"embeddable":true,"href":"https:\/\/delano.miami\/pt\/wp-json\/wp\/v2\/media\/2722"}],"wp:attachment":[{"href":"https:\/\/delano.miami\/pt\/wp-json\/wp\/v2\/media?parent=730"}],"curies":[{"name":"wp","href":"https:\/\/api.w.org\/{rel}","templated":true}]}}